{"id":2,"date":"2023-03-16T15:40:22","date_gmt":"2023-03-16T14:40:22","guid":{"rendered":"http:\/\/localhost\/csarnok\/?page_id=2"},"modified":"2023-03-26T23:28:30","modified_gmt":"2023-03-26T21:28:30","slug":"uzemcsarnok","status":"publish","type":"page","link":"https:\/\/uzemcsarnok.hu\/gb\/","title":{"rendered":"Factory hall in the Moh\u00e1cs Industrial Park"},"content":{"rendered":"<p><\/p>\r\n<p><strong>Built in 2022, a 2,605 m2 factory hall equipped with a bridge section awaits potential tenants in the Moh\u00e1cs Industrial Park.<\/strong><\/p>\r\n<p><\/p>\r\n<p><\/p>\r\n<figure class=\"wp-block-image size-large\"><img loading=\"lazy\" decoding=\"async\" width=\"1024\" height=\"683\" class=\"wp-image-6\" src=\"https:\/\/uzemcsarnok.hu\/wp-content\/uploads\/2023\/03\/IMG_0874-1024x683.jpg\" alt=\"\" srcset=\"https:\/\/uzemcsarnok.hu\/wp-content\/uploads\/2023\/03\/IMG_0874-1024x683.jpg 1024w, https:\/\/uzemcsarnok.hu\/wp-content\/uploads\/2023\/03\/IMG_0874-300x200.jpg 300w, https:\/\/uzemcsarnok.hu\/wp-content\/uploads\/2023\/03\/IMG_0874-768x512.jpg 768w, https:\/\/uzemcsarnok.hu\/wp-content\/uploads\/2023\/03\/IMG_0874-1536x1024.jpg 1536w, https:\/\/uzemcsarnok.hu\/wp-content\/uploads\/2023\/03\/IMG_0874-2048x1365.jpg 2048w\" sizes=\"(max-width: 1024px) 100vw, 1024px\" \/><\/figure>\r\n<p><\/p>\r\n<p><\/p>\r\n<p><\/p>\r\n<p><\/p>\r\n<p><strong>ACCESSIBILITY OF MOH\u00c1CS<\/strong><br \/>Moh\u00e1cs is located in the southeastern part of Baranya County, and it is the third most populous town in the county, with a current population of approximately 17,000. Moh\u00e1cs lies on the banks of the River Danube, near the Croatian and Serbian borders.<\/p>\r\n<p><\/p>\r\n<p><\/p>\r\n<p>The industrial park is of great importance to the economic life of the city, hosting a large number of small, medium and large companies. The special geographical location of the city, its intermodal hub character, could represent a significant development and valorisation potential. Convenient road links to the capital are provided by the M6 motorway, which will soon also provide a southward link to Croatia. Preparations are also underway for the Moh\u00e1cs Danube bridge and the expressway section linking Moh\u00e1cs to the motorway interchange, and the construction of the K\u0151szeg-NagykanizsaP\u00e9cs-Moh\u00e1cs-Szeged-Debrecen section of the M9 motorway is a long-term government objective. The city of Moh\u00e1cs is also connected by rail, with a railway wing line running through Vill\u00e1ny to P\u00e9cs, providing a fixed-track link to the national network.<\/p>\r\n<p><strong>CHARACTERISTICS OF THE MOH\u00c1CS INDUSTRIAL PARK<\/strong><br \/>Total area of the Moh\u00e1cs Industrial Park: 225 hectares, of which 39%, i.e. 88 hectares (62 plots of various sizes), are available and are being sold. Number of enterprises established: 60. The number of people employed in the area: 1,900 persons.<\/p>\r\n<p>The main sectors operating in the Moh\u00e1cs Industrial Park are:<\/p>\r\n<ul>\r\n<li>Services (logistics, trade, transport)<\/li>\r\n<li>Food industry<\/li>\r\n<li>Textile industry<\/li>\r\n<li>Wood industry (production of furniture, fibreboard, joinery, timber production)<\/li>\r\n<li>Engineering industry (production of machine tools, vehicles, etc.)<\/li>\r\n<li>Metalworking (structural metal fabrication, light metal casting, metal processing, metal surface treatment, etc.)<\/li>\r\n<li>Construction industry<\/li>\r\n<li>Energy industry (electricity production<\/li>\r\n<\/ul>\r\n<p><strong>FACTORY HALL<\/strong><br \/>Located in the industrial park of Moh\u00e1cs, the factory hall has a useful floor area of 2,605 m2. The hall building is equipped with the necessary basic infrastructure, i.e. water supply, sewage drainage, electricity supply (3&#215;100 A max. power), gas supply, communication network availability, and a built out fire and property protection system.<\/p>\r\n<p>The hall building is designed as a two-nave building, one of which has its own social block. The naves and the social block have separate entrances, and access to the naves by car is provided by 1-1 industrial gate. A bridge crane with a<br \/>load capacity of 5 tonnes was installed in the west nave, allowing the handling of heavy goods. The eastern nave does not have a bridge piece, but its feasibility is assured. The hall building is surrounded by a fence. A 50 kW solar PV system will be installed on the roof of the hall building.<\/p>\r\n<p>The social block includes an office, a tea kitchen, a double changing room with shower and washbasin for internal staff and a shower for external staff.<br \/>The development area will provide parking infrastructure for 8 passenger cars and 3 trucks at the same time.<\/p>\r\n<p>&nbsp;<\/p>\r\n<p><\/p>\r\n<p><\/p>\r\n<figure class=\"wp-block-image size-large\"><img loading=\"lazy\" decoding=\"async\" width=\"1024\" height=\"683\" class=\"wp-image-13\" src=\"https:\/\/uzemcsarnok.hu\/wp-content\/uploads\/2023\/03\/IMG_0886-1024x683.jpg\" alt=\"\" srcset=\"https:\/\/uzemcsarnok.hu\/wp-content\/uploads\/2023\/03\/IMG_0886-1024x683.jpg 1024w, https:\/\/uzemcsarnok.hu\/wp-content\/uploads\/2023\/03\/IMG_0886-300x200.jpg 300w, https:\/\/uzemcsarnok.hu\/wp-content\/uploads\/2023\/03\/IMG_0886-768x512.jpg 768w, https:\/\/uzemcsarnok.hu\/wp-content\/uploads\/2023\/03\/IMG_0886-1536x1024.jpg 1536w, https:\/\/uzemcsarnok.hu\/wp-content\/uploads\/2023\/03\/IMG_0886-2048x1365.jpg 2048w, https:\/\/uzemcsarnok.hu\/wp-content\/uploads\/2023\/03\/IMG_0886-1140x760.jpg 1140w\" sizes=\"(max-width: 1024px) 100vw, 1024px\" \/><\/figure>\r\n<p><\/p>","protected":false},"excerpt":{"rendered":"<p>Built in 2022, a 2,605 m2 factory hall equipped with a bridge section awaits potential tenants in the Moh\u00e1cs Industrial Park. ACCESSIBILITY OF MOH\u00c1CSMoh\u00e1cs is located in the southeastern part of Baranya County, and it is the third most populous town in the county, with a current population of approximately 17,000. Moh\u00e1cs lies on the banks of the River Danube, near the Croatian and Serbian borders. The industrial park is of great importance to the economic life of the city, hosting a large number of small, medium and large companies. The special geographical location of the city, its intermodal hub character, could represent a significant development and valorisation potential. Convenient road links to the capital are provided by the M6 motorway, which will soon also provide a southward link to Croatia. Preparations are also underway for the Moh\u00e1cs Danube bridge and the expressway section linking Moh\u00e1cs to the motorway interchange, and the construction of the K\u0151szeg-NagykanizsaP\u00e9cs-Moh\u00e1cs-Szeged-Debrecen section of the M9 motorway is a long-term government objective. The city of Moh\u00e1cs is also connected by rail, with a railway wing line running through Vill\u00e1ny to P\u00e9cs, providing a fixed-track link to the national network. CHARACTERISTICS OF THE MOH\u00c1CS INDUSTRIAL PARKTotal area of the Moh\u00e1cs Industrial Park: 225 hectares, of which 39%, i.e. 88 hectares (62 plots of various sizes), are available and are being sold. Number of enterprises established: 60. The number of people employed in the area: 1,900 persons. The main sectors operating in the Moh\u00e1cs Industrial Park are: Services (logistics, trade, transport) Food industry Textile industry Wood industry (production of furniture, fibreboard, joinery, timber production) Engineering industry (production of machine tools, vehicles, etc.) Metalworking (structural metal fabrication, light metal casting, metal processing, metal surface treatment, etc.) Construction industry Energy industry (electricity production FACTORY HALLLocated in the industrial park of Moh\u00e1cs, the factory hall has a useful floor area of 2,605 m2. The hall building is equipped with the necessary basic infrastructure, i.e. water supply, sewage drainage, electricity supply (3&#215;100 A max. power), gas supply, communication network availability, and a built out fire and property protection system. The hall building is designed as a two-nave building, one of which has its own social block. The naves and the social block have separate entrances, and access to the naves by car is provided by 1-1 industrial gate. A bridge crane with aload capacity of 5 tonnes was installed in the west nave, allowing the handling of heavy goods. The eastern nave does not have a bridge piece, but its feasibility is assured. The hall building is surrounded by a fence. A 50 kW solar PV system will be installed on the roof of the hall building. The social block includes an office, a tea kitchen, a double changing room with shower and washbasin for internal staff and a shower for external staff.The development area will provide parking infrastructure for 8 passenger cars and 3 trucks at the same time. &nbsp;<\/p>\n","protected":false},"author":1,"featured_media":0,"parent":0,"menu_order":0,"comment_status":"closed","ping_status":"open","template":"","meta":{"ngg_post_thumbnail":0,"footnotes":""},"translation":{"provider":"WPGlobus","version":"2.10.10","language":"gb","enabled_languages":["hu","gb","de"],"languages":{"hu":{"title":true,"content":true,"excerpt":false},"gb":{"title":true,"content":true,"excerpt":false},"de":{"title":true,"content":true,"excerpt":false}}},"_links":{"self":[{"href":"https:\/\/uzemcsarnok.hu\/gb\/wp-json\/wp\/v2\/pages\/2"}],"collection":[{"href":"https:\/\/uzemcsarnok.hu\/gb\/wp-json\/wp\/v2\/pages"}],"about":[{"href":"https:\/\/uzemcsarnok.hu\/gb\/wp-json\/wp\/v2\/types\/page"}],"author":[{"embeddable":true,"href":"https:\/\/uzemcsarnok.hu\/gb\/wp-json\/wp\/v2\/users\/1"}],"replies":[{"embeddable":true,"href":"https:\/\/uzemcsarnok.hu\/gb\/wp-json\/wp\/v2\/comments?post=2"}],"version-history":[{"count":19,"href":"https:\/\/uzemcsarnok.hu\/gb\/wp-json\/wp\/v2\/pages\/2\/revisions"}],"predecessor-version":[{"id":50,"href":"https:\/\/uzemcsarnok.hu\/gb\/wp-json\/wp\/v2\/pages\/2\/revisions\/50"}],"wp:attachment":[{"href":"https:\/\/uzemcsarnok.hu\/gb\/wp-json\/wp\/v2\/media?parent=2"}],"curies":[{"name":"wp","href":"https:\/\/api.w.org\/{rel}","templated":true}]}}